
{"id":867,"date":"2025-03-27T19:55:18","date_gmt":"2025-03-27T18:55:18","guid":{"rendered":"https:\/\/shesmou.com\/?page_id=867"},"modified":"2026-01-02T16:01:49","modified_gmt":"2026-01-02T15:01:49","slug":"birth-birth-of-your-custom-made-fragrance","status":"publish","type":"page","link":"https:\/\/shesmou.com\/en\/birth-birth-of-your-custom-made-fragrance\/","title":{"rendered":"Birth of your custom-made fragrance"},"content":{"rendered":"\n<div style=\"height:55px\" aria-hidden=\"true\" class=\"wp-block-spacer\"><\/div>\n\n\n\n<h1 class=\"wp-block-heading\">Birth of your custom-made fragrance<\/h1>\n\n\n\n<h2 class=\"wp-block-heading\">Shesmou&#8217;s<\/h2>\n\n\n\n<p>\u00ab&nbsp;<em>A perfume is not worn, it is experienced.<\/em>&nbsp;\u00bb \u2013 This maxim by Sarah Merciol sums perfectly up the vision of Maison Shesmou. A personalized custom-made perfume has to be the faithful expression of the deep identity of the wearer, to be a life companion.&nbsp;<\/p>\n\n\n\n<figure class=\"wp-block-video\"><video height=\"720\" style=\"aspect-ratio: 1280 \/ 720;\" width=\"1280\" autoplay controls loop src=\"https:\/\/shesmou.com\/wp-content\/uploads\/2025\/04\/shesmou-en-creation-de-parfums.mp4\"><\/video><\/figure>\n\n\n\n<h2 class=\"wp-block-heading\">Shesmou&#8217;s methodology<\/h2>\n\n\n\n<p>The method created by <a href=\"https:\/\/shesmou.com\/en\/sarah-merciol-creatrice-de-parfums-sur-mesure\/\" data-type=\"page\" data-id=\"33\">Sarah Merciol<\/a> to conceive her personalized perfumes is as sophisticated as it is efficient.&nbsp;<\/p>\n\n\n\n<div class=\"wp-block-media-text alignwide has-media-on-the-right is-stacked-on-mobile\"><div class=\"wp-block-media-text__content\">\n<p style=\"padding-right:var(--wp--preset--spacing--30);padding-left:var(--wp--preset--spacing--30)\"><strong>The olfactory meeting<\/strong>&nbsp;\u2013 A deep conversation where there are mixed childhood memories, hopes and sensory preferences.<\/p>\n\n\n\n<p style=\"padding-right:var(--wp--preset--spacing--30);padding-left:var(--wp--preset--spacing--30)\"><strong>The Emotional portrait<\/strong>&nbsp;\u2013 the development of a unique emotional cartography for each client.<\/p>\n\n\n\n<p style=\"padding-right:var(--wp--preset--spacing--30);padding-left:var(--wp--preset--spacing--30)\"><strong>The Alchemical selection<\/strong>&nbsp;\u2013 The careful choice&nbsp; of the olfactory accords entering the final composition.<\/p>\n\n\n\n<p style=\"padding-right:var(--wp--preset--spacing--30);padding-left:var(--wp--preset--spacing--30)\"><strong>The Personalized maturation<\/strong>&nbsp;\u2013 Each creation benefits from a specific resting time, determined by the complexity of the chemical formula.<\/p>\n\n\n\n<p style=\"padding-right:var(--wp--preset--spacing--30);padding-left:var(--wp--preset--spacing--30)\"><strong>The Final Trial<\/strong>&nbsp;\u2013 an iterative process of subtile adjustments to reach perfection.<\/p>\n<\/div><figure class=\"wp-block-media-text__media\"><img alt=\"Visuel d&#039;une bouteille de parfum cr\u00e9\u00e9 pour la maison Shesmou, cr\u00e9ation de parfums sur mesure. Cette bouteille iconique est la premi\u00e8re bouteille de parfum sur mesure de la maison Shesmou. Visuel \u00a9Ga\u00ebl Dupret - 2025\" loading=\"lazy\" decoding=\"async\" width=\"1024\" height=\"1024\" src=\"https:\/\/shesmou.com\/wp-content\/uploads\/2025\/03\/shesmou-insta-2-1024x1024.jpg\" alt=\"\" class=\"wp-image-129 size-full\" srcset=\"https:\/\/shesmou.com\/wp-content\/uploads\/2025\/03\/shesmou-insta-2-1024x1024.jpg 1024w, https:\/\/shesmou.com\/wp-content\/uploads\/2025\/03\/shesmou-insta-2-300x300.jpg 300w, https:\/\/shesmou.com\/wp-content\/uploads\/2025\/03\/shesmou-insta-2-scaled-100x100.jpg 100w, https:\/\/shesmou.com\/wp-content\/uploads\/2025\/03\/shesmou-insta-2-scaled-600x600.jpg 600w, https:\/\/shesmou.com\/wp-content\/uploads\/2025\/03\/shesmou-insta-2-150x150.jpg 150w, https:\/\/shesmou.com\/wp-content\/uploads\/2025\/03\/shesmou-insta-2-768x768.jpg 768w, https:\/\/shesmou.com\/wp-content\/uploads\/2025\/03\/shesmou-insta-2-1536x1536.jpg 1536w, https:\/\/shesmou.com\/wp-content\/uploads\/2025\/03\/shesmou-insta-2-2048x2048.jpg 2048w\" sizes=\"auto, (max-width: 1024px) 100vw, 1024px\" \/><\/figure><\/div>\n\n\n\n<div style=\"height:56px\" aria-hidden=\"true\" class=\"wp-block-spacer\"><\/div>\n\n\n\n<h3 class=\"wp-block-heading\">Time, ally of perfection<\/h3>\n\n\n\n<p>Creating a custom-made perfume is a journey, a delicate alchemy that cannot be rushed. Each fragrance signed by Shesmou is the result of a meticulous process where each step has its own importance. The maturation of the essences, the refining of the accords and the subtles adjustments requires time, a time needed for the perfume to find its perfect balance and to reveal all its depth.&nbsp;<\/p>\n\n\n\n<p><\/p>\n\n\n\n<hr class=\"wp-block-separator has-alpha-channel-opacity\"\/>\n\n\n\n<h3 class=\"wp-block-heading\"><strong>Reference materials<\/strong><\/h3>\n\n\n\n<div class=\"wp-block-columns is-layout-flex wp-container-core-columns-is-layout-983c8176 wp-block-columns-is-layout-flex\" style=\"padding-top:var(--wp--preset--spacing--20);padding-right:0;padding-bottom:var(--wp--preset--spacing--20);padding-left:0\">\n<div class=\"wp-block-column is-layout-flow wp-block-column-is-layout-flow\">\n<h4 class=\"wp-block-heading has-text-align-center\"><strong><em><a href=\"https:\/\/shesmou.com\/en\/champs-lexical-abcedaire-du-parfum\/\" data-type=\"link\" data-id=\"https:\/\/shesmou.com\/champs-lexical-abcedaire-du-parfum\/\">Perfume Glossary<\/a><\/em><\/strong><\/h4>\n\n\n\n<figure class=\"wp-block-image aligncenter size-large is-resized is-style-rounded\"><a href=\"https:\/\/shesmou.com\/en\/champs-lexical-abcedaire-du-parfum\/\"><img alt=\"Photo de 4 flacons doseurs pos\u00e9 sur la table de travail, dans le laboratoire La photographie est en noir et blanc. La photo est recard\u00e9e. Photo \u00a9Ga\u00ebl Dupret - 2025\" loading=\"lazy\" decoding=\"async\" width=\"1024\" height=\"501\" src=\"https:\/\/shesmou.com\/wp-content\/uploads\/2025\/05\/shesmou-flacon-huiles-essentielles-pour-parfums-2-1024x501.webp\" alt=\"\" class=\"wp-image-1221\" style=\"box-shadow:var(--wp--preset--shadow--natural);aspect-ratio:1;object-fit:cover;width:207px;height:auto\" srcset=\"https:\/\/shesmou.com\/wp-content\/uploads\/2025\/05\/shesmou-flacon-huiles-essentielles-pour-parfums-2-1024x501.webp 1024w, https:\/\/shesmou.com\/wp-content\/uploads\/2025\/05\/shesmou-flacon-huiles-essentielles-pour-parfums-2-300x147.webp 300w, https:\/\/shesmou.com\/wp-content\/uploads\/2025\/05\/shesmou-flacon-huiles-essentielles-pour-parfums-2-768x376.webp 768w, https:\/\/shesmou.com\/wp-content\/uploads\/2025\/05\/shesmou-flacon-huiles-essentielles-pour-parfums-2-600x294.webp 600w, https:\/\/shesmou.com\/wp-content\/uploads\/2025\/05\/shesmou-flacon-huiles-essentielles-pour-parfums-2.webp 1499w\" sizes=\"auto, (max-width: 1024px) 100vw, 1024px\" \/><\/a><\/figure>\n<\/div>\n\n\n\n<div class=\"wp-block-column is-layout-flow wp-block-column-is-layout-flow\">\n<h4 class=\"wp-block-heading has-text-align-center\"><strong><em><a href=\"https:\/\/shesmou.com\/en\/sarah-merciol-creatrice-de-parfums-sur-mesure\/\" data-type=\"page\" data-id=\"33\">Sarah Merciol<\/a><\/em><\/strong><\/h4>\n\n\n\n<figure class=\"wp-block-image aligncenter size-large is-resized is-style-rounded\"><a href=\"https:\/\/shesmou.com\/en\/sarah-merciol-creatrice-de-parfums-sur-mesure\/\"><img alt=\"Portrait studio de la cr\u00e9atrice de parfums sur mesure Sarah Merciol, la fondatrice de Shesmou. La photographie est en noir et blanc et Sarah Merciol pose sur fond noir. La photo est recard\u00e9e sur le visage et le haut du buste. Elle est de format carr\u00e9. Photo \u00a9Ga\u00ebl Dupret - 2025\" loading=\"lazy\" decoding=\"async\" width=\"1024\" height=\"1024\" src=\"https:\/\/shesmou.com\/wp-content\/uploads\/2025\/05\/sarah-merciol-fondatrice-shesmou-cadrage-serre_1-1024x1024.jpg\" alt=\"\" class=\"wp-image-982\" style=\"box-shadow:var(--wp--preset--shadow--natural);width:207px;height:auto\" srcset=\"https:\/\/shesmou.com\/wp-content\/uploads\/2025\/05\/sarah-merciol-fondatrice-shesmou-cadrage-serre_1-1024x1024.jpg 1024w, https:\/\/shesmou.com\/wp-content\/uploads\/2025\/05\/sarah-merciol-fondatrice-shesmou-cadrage-serre_1-300x300.jpg 300w, https:\/\/shesmou.com\/wp-content\/uploads\/2025\/05\/sarah-merciol-fondatrice-shesmou-cadrage-serre_1-150x150.jpg 150w, https:\/\/shesmou.com\/wp-content\/uploads\/2025\/05\/sarah-merciol-fondatrice-shesmou-cadrage-serre_1-768x768.jpg 768w, https:\/\/shesmou.com\/wp-content\/uploads\/2025\/05\/sarah-merciol-fondatrice-shesmou-cadrage-serre_1-600x600.jpg 600w, https:\/\/shesmou.com\/wp-content\/uploads\/2025\/05\/sarah-merciol-fondatrice-shesmou-cadrage-serre_1-100x100.jpg 100w, https:\/\/shesmou.com\/wp-content\/uploads\/2025\/05\/sarah-merciol-fondatrice-shesmou-cadrage-serre_1.jpg 1440w\" sizes=\"auto, (max-width: 1024px) 100vw, 1024px\" \/><\/a><\/figure>\n<\/div>\n\n\n\n<div class=\"wp-block-column is-layout-flow wp-block-column-is-layout-flow\">\n<h4 class=\"wp-block-heading has-text-align-center\"><strong><em><a href=\"https:\/\/shesmou.com\/en\/shesmou-s-home\/\" data-type=\"page\" data-id=\"29\">Maison Shesmou<\/a><\/em><\/strong><\/h4>\n\n\n\n<figure class=\"wp-block-image aligncenter size-full is-resized is-style-rounded\"><a href=\"https:\/\/shesmou.com\/la-maison-shesmou-createur-parfumeur\/\"><img alt=\"Portrait studio de la cr\u00e9atrice de parfums sur mesure Sarah Merciol, la fondatrice de Shesmou. La photographie est en noir et blanc et Sarah Merciol est en action. Elle sent une de ses futurs parfums en cours de cr\u00e9ation. La photo est cadr\u00e9e sur le visage et le haut du corps. Sarah Merciol est en train de sentir sa cr\u00e9ation sur un testeur. Photo \u00a9Ga\u00ebl Dupret - 2025\" loading=\"lazy\" decoding=\"async\" width=\"1000\" height=\"1500\" src=\"https:\/\/shesmou.com\/wp-content\/uploads\/2025\/05\/shesmou-sarah-merciol-avec-un-testeur.webp\" alt=\"\" class=\"wp-image-1226\" style=\"box-shadow:var(--wp--preset--shadow--natural);aspect-ratio:1;object-fit:cover;width:207px;height:auto\" srcset=\"https:\/\/shesmou.com\/wp-content\/uploads\/2025\/05\/shesmou-sarah-merciol-avec-un-testeur.webp 1000w, https:\/\/shesmou.com\/wp-content\/uploads\/2025\/05\/shesmou-sarah-merciol-avec-un-testeur-200x300.webp 200w, https:\/\/shesmou.com\/wp-content\/uploads\/2025\/05\/shesmou-sarah-merciol-avec-un-testeur-683x1024.webp 683w, https:\/\/shesmou.com\/wp-content\/uploads\/2025\/05\/shesmou-sarah-merciol-avec-un-testeur-768x1152.webp 768w, https:\/\/shesmou.com\/wp-content\/uploads\/2025\/05\/shesmou-sarah-merciol-avec-un-testeur-600x900.webp 600w\" sizes=\"auto, (max-width: 1000px) 100vw, 1000px\" \/><\/a><\/figure>\n<\/div>\n<\/div>\n\n\n\n<div style=\"height:56px\" aria-hidden=\"true\" class=\"wp-block-spacer\"><\/div>\n\n\n\n<p><\/p>\n","protected":false},"excerpt":{"rendered":"<p>Birth of your custom-made fragrance Shesmou&#8217;s \u00ab&nbsp;A perfume is not worn, it is experienced.&nbsp;\u00bb \u2013 This maxim by Sarah Merciol [&hellip;]<\/p>\n","protected":false},"author":1,"featured_media":0,"parent":0,"menu_order":0,"comment_status":"closed","ping_status":"closed","template":"","meta":{"_seopress_robots_primary_cat":"","_seopress_titles_title":"Parfum sur mesure haut de gamme \u2013 Art de la parfumerie","_seopress_titles_desc":"D\u00e9couvrez le parfum sur mesure haut de gamme par Shesmou : entretien olfactif, portrait \u00e9motionnel et s\u00e9lection alchimique pour une fragrance d\u2019exception.","_seopress_robots_index":"","site-sidebar-layout":"default","site-content-layout":"","ast-site-content-layout":"default","site-content-style":"default","site-sidebar-style":"default","ast-global-header-display":"","ast-banner-title-visibility":"","ast-main-header-display":"","ast-hfb-above-header-display":"","ast-hfb-below-header-display":"","ast-hfb-mobile-header-display":"","site-post-title":"disabled","ast-breadcrumbs-content":"","ast-featured-img":"","footer-sml-layout":"","ast-disable-related-posts":"","theme-transparent-header-meta":"","adv-header-id-meta":"","stick-header-meta":"","header-above-stick-meta":"","header-main-stick-meta":"","header-below-stick-meta":"","astra-migrate-meta-layouts":"default","ast-page-background-enabled":"default","ast-page-background-meta":{"desktop":{"background-color":"var(--ast-global-color-5)","background-image":"","background-repeat":"repeat","background-position":"center center","background-size":"auto","background-attachment":"scroll","background-type":"","background-media":"","overlay-type":"","overlay-color":"","overlay-opacity":"","overlay-gradient":""},"tablet":{"background-color":"","background-image":"","background-repeat":"repeat","background-position":"center center","background-size":"auto","background-attachment":"scroll","background-type":"","background-media":"","overlay-type":"","overlay-color":"","overlay-opacity":"","overlay-gradient":""},"mobile":{"background-color":"","background-image":"","background-repeat":"repeat","background-position":"center center","background-size":"auto","background-attachment":"scroll","background-type":"","background-media":"","overlay-type":"","overlay-color":"","overlay-opacity":"","overlay-gradient":""}},"ast-content-background-meta":{"desktop":{"background-color":"var(--ast-global-color-4)","background-image":"","background-repeat":"repeat","background-position":"center center","background-size":"auto","background-attachment":"scroll","background-type":"","background-media":"","overlay-type":"","overlay-color":"","overlay-opacity":"","overlay-gradient":""},"tablet":{"background-color":"var(--ast-global-color-4)","background-image":"","background-repeat":"repeat","background-position":"center center","background-size":"auto","background-attachment":"scroll","background-type":"","background-media":"","overlay-type":"","overlay-color":"","overlay-opacity":"","overlay-gradient":""},"mobile":{"background-color":"var(--ast-global-color-4)","background-image":"","background-repeat":"repeat","background-position":"center center","background-size":"auto","background-attachment":"scroll","background-type":"","background-media":"","overlay-type":"","overlay-color":"","overlay-opacity":"","overlay-gradient":""}},"footnotes":""},"class_list":["post-867","page","type-page","status-publish","hentry"],"jetpack_sharing_enabled":true,"_links":{"self":[{"href":"https:\/\/shesmou.com\/en\/wp-json\/wp\/v2\/pages\/867","targetHints":{"allow":["GET"]}}],"collection":[{"href":"https:\/\/shesmou.com\/en\/wp-json\/wp\/v2\/pages"}],"about":[{"href":"https:\/\/shesmou.com\/en\/wp-json\/wp\/v2\/types\/page"}],"author":[{"embeddable":true,"href":"https:\/\/shesmou.com\/en\/wp-json\/wp\/v2\/users\/1"}],"replies":[{"embeddable":true,"href":"https:\/\/shesmou.com\/en\/wp-json\/wp\/v2\/comments?post=867"}],"version-history":[{"count":9,"href":"https:\/\/shesmou.com\/en\/wp-json\/wp\/v2\/pages\/867\/revisions"}],"predecessor-version":[{"id":1691,"href":"https:\/\/shesmou.com\/en\/wp-json\/wp\/v2\/pages\/867\/revisions\/1691"}],"wp:attachment":[{"href":"https:\/\/shesmou.com\/en\/wp-json\/wp\/v2\/media?parent=867"}],"curies":[{"name":"wp","href":"https:\/\/api.w.org\/{rel}","templated":true}]}}