
{"id":1613,"date":"2025-03-21T14:01:16","date_gmt":"2025-03-21T13:01:16","guid":{"rendered":"https:\/\/shesmou.com\/la-maison-shesmou-createur-parfumeur-tradition-innovation-en-parfumerie\/"},"modified":"2026-01-02T11:35:20","modified_gmt":"2026-01-02T10:35:20","slug":"shesmou-s-home","status":"publish","type":"page","link":"https:\/\/shesmou.com\/en\/shesmou-s-home\/","title":{"rendered":"Atelier Shesmou : Tradition et Innovation en Parfumerie"},"content":{"rendered":"\n<div style=\"height:55px\" aria-hidden=\"true\" class=\"wp-block-spacer\"><\/div>\n\n\n\n<h1 class=\"wp-block-heading\">Shesmou&#8217;s home<\/h1>\n\n\n\n<div class=\"wp-block-media-text has-media-on-the-right is-stacked-on-mobile\"><div class=\"wp-block-media-text__content\">\n<h3 class=\"wp-block-heading\"><strong>A workshop between tradition and modernity<\/strong><\/h3>\n\n\n\n<p>In its workshop in Josselin, facing the Castle of the Rohan\u2019s Family, Maison Shesmou has created a place where time seems to have stopped. Old bottles are sitting side by side with the most modern precision instruments. The traditional scales are neighbouring top extracting technologies.\u00a0 This fusion between inheritance and innovation perfectly defines the designer\u2019s approach : taking inspiration from the past to create the future.<\/p>\n\n\n\n<h3 class=\"wp-block-heading\">Privacy as the ultimate luxury<\/h3>\n\n\n\n<p>In a world saturated with brands and logos, Shesmou offers a radically different experience. Its creations, limited to restricted customers, will never be mass marketed. Each formula remains the exclusive property of its sponsor, preserved in the secure archives of the House.&nbsp;<\/p>\n\n\n\n<p>This absolute privacy is, according to its founder, the true contemporary luxury.&nbsp;<\/p>\n\n\n\n<h3 class=\"wp-block-heading\">A discreet network of influence<\/h3>\n\n\n\n<p>Without blatant advertising, only through word of mouth and personal recommendations, the creations by Maison Shesmou conquer a demanding international clientele &#8211; from famous artists to visionary entrepreneurs, from art collectors to distinguished families. They all share this quest for uniqueness and the conviction that perfume is more than an accessory &#8211; it\u2019s a second skin.<\/p>\n<\/div><figure class=\"wp-block-media-text__media\"><img alt=\"Portrait studio de la cr\u00e9atrice de parfums sur mesure Sarah Merciol, la fondatrice de Shesmou. La photographie est en noir et blanc et Sarah Merciol est en action. Elle sent une de ses futurs parfums en cours de cr\u00e9ation. La photo est cadr\u00e9e sur le visage et le haut du corps. Sarah Merciol est en train de sentir sa cr\u00e9ation sur un testeur. Photo \u00a9Ga\u00ebl Dupret - 2025\" loading=\"lazy\" decoding=\"async\" width=\"683\" height=\"1024\" src=\"https:\/\/shesmou.com\/wp-content\/uploads\/2025\/05\/shesmou-sarah-merciol-avec-un-testeur-683x1024.webp\" alt=\"\" class=\"wp-image-1226 size-full\" srcset=\"https:\/\/shesmou.com\/wp-content\/uploads\/2025\/05\/shesmou-sarah-merciol-avec-un-testeur-683x1024.webp 683w, https:\/\/shesmou.com\/wp-content\/uploads\/2025\/05\/shesmou-sarah-merciol-avec-un-testeur-200x300.webp 200w, https:\/\/shesmou.com\/wp-content\/uploads\/2025\/05\/shesmou-sarah-merciol-avec-un-testeur-768x1152.webp 768w, https:\/\/shesmou.com\/wp-content\/uploads\/2025\/05\/shesmou-sarah-merciol-avec-un-testeur-600x900.webp 600w, https:\/\/shesmou.com\/wp-content\/uploads\/2025\/05\/shesmou-sarah-merciol-avec-un-testeur.webp 1000w\" sizes=\"auto, (max-width: 683px) 100vw, 683px\" \/><\/figure><\/div>\n\n\n\n<hr class=\"wp-block-separator has-alpha-channel-opacity\"\/>\n\n\n\n<h3 class=\"wp-block-heading\"><strong>Ressources documentaires<\/strong><\/h3>\n\n\n\n<div class=\"wp-block-columns is-layout-flex wp-container-core-columns-is-layout-983c8176 wp-block-columns-is-layout-flex\" style=\"padding-top:var(--wp--preset--spacing--20);padding-right:0;padding-bottom:var(--wp--preset--spacing--20);padding-left:0\">\n<div class=\"wp-block-column is-layout-flow wp-block-column-is-layout-flow\">\n<h4 class=\"wp-block-heading has-text-align-center\"><strong><em><a href=\"https:\/\/shesmou.com\/naissance-de-votre-parfum-sur-mesure\/\"><u>Parfum<\/u> sur-mesure<\/a><\/em><\/strong><\/h4>\n\n\n\n<figure class=\"wp-block-image aligncenter size-large is-resized is-style-rounded\"><a href=\"https:\/\/shesmou.com\/naissance-de-votre-parfum-sur-mesure\/\"><img alt=\"Visuel d&#039;une bouteille de parfum cr\u00e9\u00e9 pour la maison Shesmou, cr\u00e9ation de parfums sur mesure. Cette bouteille iconique est la premi\u00e8re bouteille de parfum sur mesure de la maison Shesmou. Visuel \u00a9Ga\u00ebl Dupret - 2025\" loading=\"lazy\" decoding=\"async\" width=\"1024\" height=\"1024\" src=\"https:\/\/shesmou.com\/wp-content\/uploads\/2025\/03\/shesmou-insta-2-1024x1024.jpg\" alt=\"\" class=\"wp-image-129\" style=\"box-shadow:var(--wp--preset--shadow--natural);width:207px\" srcset=\"https:\/\/shesmou.com\/wp-content\/uploads\/2025\/03\/shesmou-insta-2-1024x1024.jpg 1024w, https:\/\/shesmou.com\/wp-content\/uploads\/2025\/03\/shesmou-insta-2-300x300.jpg 300w, https:\/\/shesmou.com\/wp-content\/uploads\/2025\/03\/shesmou-insta-2-scaled-100x100.jpg 100w, https:\/\/shesmou.com\/wp-content\/uploads\/2025\/03\/shesmou-insta-2-scaled-600x600.jpg 600w, https:\/\/shesmou.com\/wp-content\/uploads\/2025\/03\/shesmou-insta-2-150x150.jpg 150w, https:\/\/shesmou.com\/wp-content\/uploads\/2025\/03\/shesmou-insta-2-768x768.jpg 768w, https:\/\/shesmou.com\/wp-content\/uploads\/2025\/03\/shesmou-insta-2-1536x1536.jpg 1536w, https:\/\/shesmou.com\/wp-content\/uploads\/2025\/03\/shesmou-insta-2-2048x2048.jpg 2048w\" sizes=\"auto, (max-width: 1024px) 100vw, 1024px\" \/><\/a><\/figure>\n<\/div>\n\n\n\n<div class=\"wp-block-column is-layout-flow wp-block-column-is-layout-flow\">\n<h4 class=\"wp-block-heading has-text-align-center\"><a href=\"https:\/\/shesmou.com\/en\/sarah-merciol-creatrice-de-parfums-sur-mesure\/\"><strong><em>Qui est Sarah Merciol ?<\/em><\/strong><\/a><\/h4>\n\n\n\n<figure class=\"wp-block-image aligncenter size-large is-resized is-style-rounded\"><a href=\"https:\/\/shesmou.com\/en\/sarah-merciol-creatrice-de-parfums-sur-mesure\/\"><img alt=\"Portrait studio de la cr\u00e9atrice de parfums sur mesure Sarah Merciol, la fondatrice de Shesmou. La photographie est en noir et blanc et Sarah Merciol pose sur fond noir. La photo est recard\u00e9e sur le visage et le haut du buste. Elle est de format carr\u00e9. Photo \u00a9Ga\u00ebl Dupret - 2025\" loading=\"lazy\" decoding=\"async\" width=\"1024\" height=\"1024\" src=\"https:\/\/shesmou.com\/wp-content\/uploads\/2025\/05\/sarah-merciol-fondatrice-shesmou-cadrage-serre_1-1024x1024.jpg\" alt=\"\" class=\"wp-image-982\" style=\"box-shadow:var(--wp--preset--shadow--natural);width:207px;height:auto\" srcset=\"https:\/\/shesmou.com\/wp-content\/uploads\/2025\/05\/sarah-merciol-fondatrice-shesmou-cadrage-serre_1-1024x1024.jpg 1024w, https:\/\/shesmou.com\/wp-content\/uploads\/2025\/05\/sarah-merciol-fondatrice-shesmou-cadrage-serre_1-300x300.jpg 300w, https:\/\/shesmou.com\/wp-content\/uploads\/2025\/05\/sarah-merciol-fondatrice-shesmou-cadrage-serre_1-150x150.jpg 150w, https:\/\/shesmou.com\/wp-content\/uploads\/2025\/05\/sarah-merciol-fondatrice-shesmou-cadrage-serre_1-768x768.jpg 768w, https:\/\/shesmou.com\/wp-content\/uploads\/2025\/05\/sarah-merciol-fondatrice-shesmou-cadrage-serre_1-600x600.jpg 600w, https:\/\/shesmou.com\/wp-content\/uploads\/2025\/05\/sarah-merciol-fondatrice-shesmou-cadrage-serre_1-100x100.jpg 100w, https:\/\/shesmou.com\/wp-content\/uploads\/2025\/05\/sarah-merciol-fondatrice-shesmou-cadrage-serre_1.jpg 1440w\" sizes=\"auto, (max-width: 1024px) 100vw, 1024px\" \/><\/a><\/figure>\n<\/div>\n\n\n\n<div class=\"wp-block-column is-layout-flow wp-block-column-is-layout-flow\">\n<h4 class=\"wp-block-heading has-text-align-center\"><a href=\"https:\/\/shesmou.com\/histoire-de-la-naissance-de-la-maison-shesmou\/\" data-type=\"page\" data-id=\"146\"><strong><em>Comment est n\u00e9e la Maison Shesmou ?<\/em><\/strong><\/a><\/h4>\n\n\n\n<figure class=\"wp-block-image aligncenter size-full is-resized is-style-rounded\"><a href=\"https:\/\/shesmou.com\/la-naissance-de-la-maison-shesmou\/\"><img alt=\"Portrait studio de la cr\u00e9atrice de parfums sur mesure Sarah Merciol, la fondatrice de Shesmou. La photographie est en noir et blanc et Sarah Merciol est en action. Dans son laboratoire, elle dose l&#039;huile essentielle qu&#039;elle va utiliser dans la cr\u00e9ation en cours. Photo \u00a9Ga\u00ebl Dupret - 2025\" loading=\"lazy\" decoding=\"async\" width=\"1500\" height=\"1000\" src=\"https:\/\/shesmou.com\/wp-content\/uploads\/2025\/05\/shesmou-sarah-merciol-dans-son-laboratoire.webp\" alt=\"\" class=\"wp-image-1213\" style=\"box-shadow:var(--wp--preset--shadow--natural);aspect-ratio:1;object-fit:cover;width:207px;height:auto\" srcset=\"https:\/\/shesmou.com\/wp-content\/uploads\/2025\/05\/shesmou-sarah-merciol-dans-son-laboratoire.webp 1500w, https:\/\/shesmou.com\/wp-content\/uploads\/2025\/05\/shesmou-sarah-merciol-dans-son-laboratoire-300x200.webp 300w, https:\/\/shesmou.com\/wp-content\/uploads\/2025\/05\/shesmou-sarah-merciol-dans-son-laboratoire-1024x683.webp 1024w, https:\/\/shesmou.com\/wp-content\/uploads\/2025\/05\/shesmou-sarah-merciol-dans-son-laboratoire-768x512.webp 768w, https:\/\/shesmou.com\/wp-content\/uploads\/2025\/05\/shesmou-sarah-merciol-dans-son-laboratoire-600x400.webp 600w\" sizes=\"auto, (max-width: 1500px) 100vw, 1500px\" \/><\/a><\/figure>\n<\/div>\n<\/div>\n\n\n\n<div style=\"height:55px\" aria-hidden=\"true\" class=\"wp-block-spacer\"><\/div>\n","protected":false},"excerpt":{"rendered":"<p>Shesmou&#8217;s home A workshop between tradition and modernity In its workshop in Josselin, facing the Castle of the Rohan\u2019s Family, [&hellip;]<\/p>\n","protected":false},"author":1,"featured_media":0,"parent":0,"menu_order":0,"comment_status":"closed","ping_status":"closed","template":"","meta":{"_seopress_robots_primary_cat":"","_seopress_titles_title":"Maison Shesmou cr\u00e9ateur parfumeur \u2013 Atelier de luxe","_seopress_titles_desc":"D\u00e9couvrez la Maison Shesmou, cr\u00e9ateur parfumeur d\u2019exception : atelier artisanal alliant innovation et tradition, confidentialit\u00e9 absolue et luxe sur mesure.","_seopress_robots_index":"","site-sidebar-layout":"default","site-content-layout":"","ast-site-content-layout":"default","site-content-style":"default","site-sidebar-style":"default","ast-global-header-display":"","ast-banner-title-visibility":"","ast-main-header-display":"","ast-hfb-above-header-display":"","ast-hfb-below-header-display":"","ast-hfb-mobile-header-display":"","site-post-title":"disabled","ast-breadcrumbs-content":"","ast-featured-img":"","footer-sml-layout":"","ast-disable-related-posts":"","theme-transparent-header-meta":"","adv-header-id-meta":"","stick-header-meta":"","header-above-stick-meta":"","header-main-stick-meta":"","header-below-stick-meta":"","astra-migrate-meta-layouts":"default","ast-page-background-enabled":"default","ast-page-background-meta":{"desktop":{"background-color":"var(--ast-global-color-5)","background-image":"","background-repeat":"repeat","background-position":"center center","background-size":"auto","background-attachment":"scroll","background-type":"","background-media":"","overlay-type":"","overlay-color":"","overlay-opacity":"","overlay-gradient":""},"tablet":{"background-color":"","background-image":"","background-repeat":"repeat","background-position":"center center","background-size":"auto","background-attachment":"scroll","background-type":"","background-media":"","overlay-type":"","overlay-color":"","overlay-opacity":"","overlay-gradient":""},"mobile":{"background-color":"","background-image":"","background-repeat":"repeat","background-position":"center center","background-size":"auto","background-attachment":"scroll","background-type":"","background-media":"","overlay-type":"","overlay-color":"","overlay-opacity":"","overlay-gradient":""}},"ast-content-background-meta":{"desktop":{"background-color":"var(--ast-global-color-4)","background-image":"","background-repeat":"repeat","background-position":"center center","background-size":"auto","background-attachment":"scroll","background-type":"","background-media":"","overlay-type":"","overlay-color":"","overlay-opacity":"","overlay-gradient":""},"tablet":{"background-color":"var(--ast-global-color-4)","background-image":"","background-repeat":"repeat","background-position":"center center","background-size":"auto","background-attachment":"scroll","background-type":"","background-media":"","overlay-type":"","overlay-color":"","overlay-opacity":"","overlay-gradient":""},"mobile":{"background-color":"var(--ast-global-color-4)","background-image":"","background-repeat":"repeat","background-position":"center center","background-size":"auto","background-attachment":"scroll","background-type":"","background-media":"","overlay-type":"","overlay-color":"","overlay-opacity":"","overlay-gradient":""}},"footnotes":""},"class_list":["post-1613","page","type-page","status-publish","hentry"],"jetpack_sharing_enabled":true,"_links":{"self":[{"href":"https:\/\/shesmou.com\/en\/wp-json\/wp\/v2\/pages\/1613","targetHints":{"allow":["GET"]}}],"collection":[{"href":"https:\/\/shesmou.com\/en\/wp-json\/wp\/v2\/pages"}],"about":[{"href":"https:\/\/shesmou.com\/en\/wp-json\/wp\/v2\/types\/page"}],"author":[{"embeddable":true,"href":"https:\/\/shesmou.com\/en\/wp-json\/wp\/v2\/users\/1"}],"replies":[{"embeddable":true,"href":"https:\/\/shesmou.com\/en\/wp-json\/wp\/v2\/comments?post=1613"}],"version-history":[{"count":2,"href":"https:\/\/shesmou.com\/en\/wp-json\/wp\/v2\/pages\/1613\/revisions"}],"predecessor-version":[{"id":1616,"href":"https:\/\/shesmou.com\/en\/wp-json\/wp\/v2\/pages\/1613\/revisions\/1616"}],"wp:attachment":[{"href":"https:\/\/shesmou.com\/en\/wp-json\/wp\/v2\/media?parent=1613"}],"curies":[{"name":"wp","href":"https:\/\/api.w.org\/{rel}","templated":true}]}}